{"id":2,"date":"2025-07-16T20:22:26","date_gmt":"2025-07-16T18:22:26","guid":{"rendered":"https:\/\/maelrannou.fr\/baindemousse\/?page_id=2"},"modified":"2025-08-11T07:28:52","modified_gmt":"2025-08-11T05:28:52","slug":"lautrice","status":"publish","type":"page","link":"https:\/\/maelrannou.fr\/baindemousse\/lautrice\/","title":{"rendered":"L&rsquo;autrice"},"content":{"rendered":"\n<p class=\"has-medium-font-size\"><strong>Itin\u00e9raire en cours d\u2019une amatrice<\/strong><\/p>\n\n\n\n<p class=\"has-black-color has-text-color has-link-color wp-elements-a75abfefdbe23e79fa28b334a903ec34\">Natacha Czornyj, alias baindemousse, n\u00e9e \u00e0 Paris en 1989, est une lectrice d\u2019origine flamande (Flandre wallonne) et ukrainienne. Curieuse de litt\u00e9rature &#8211; champ qu\u2019elle comprend dans un sens tr\u00e8s extensif &#8211; depuis la mi-coll\u00e8ge puis le lyc\u00e9e, o\u00f9 elle cr\u00e9e avec ses camarades filles de terminale (Galla, Alexandrine, Myriam, Barbara, Sarah, Myrnah) un journal, elle a pu partager dans cette micro-presse lyc\u00e9enne son go\u00fbt parfois \u00e9tonnamment tenace, &#8211; pour cette \u00e9l\u00e8ve quand m\u00eame assez discr\u00e8te et r\u00e9serv\u00e9e, la souvent pens\u00e9e <em>bonne \u00e9l\u00e8ve<\/em> -, pour l\u2019\u00e9criture p\u00e9riodique, les photocopieuses, les agrafeuses, le roman social de Steinbeck et ses convictions abolitionnistes<a href=\"#sdfootnote1sym\" id=\"sdfootnote1anc\"><sup>1<\/sup><\/a>.<\/p>\n\n\n\n<p class=\"has-black-color has-text-color has-link-color wp-elements-1c8a446edfc5ef42a4e5cd2d667857a2\">Apr\u00e8s son bac L, elle obtient une licence en Lettres Modernes puis un master en Litt\u00e9rature, philologie, linguistique pendant lequel elle se concentre sur 2 auteurices de la Renaissance lyonnaise \u00e0 la post\u00e9rit\u00e9 un peu obscure&nbsp;: Pernette Du Guillet &amp; Claude de Taillemont, qui l\u2019ont int\u00e9ress\u00e9e en particulier dans leurs repr\u00e9sentations de la po\u00e9tesse et des femmes, au sein de formes br\u00e8ves relevant d\u2019une litt\u00e9rature per\u00e7ue comme mineure (avec cette figure f\u00e9minine moins matrimoniale encore que la merveilleuse Louise Lab\u00e9) et amateure (avec une \u00e9criture publi\u00e9e \u00e0 titre posthume qui a pu sembler fragmentaire, improvis\u00e9e et juv\u00e9nile, avec tous les sous-entendus que cela peut impliquer, ainsi que les contes), avec une reconstruction \u00e9ditoriale pour la 1<sup>\u00e8re<\/sup> \u0153uvre et dans les 2 cas une innutrition culturelle franco-italienne.<\/p>\n\n\n\n<p class=\"has-black-color has-text-color has-link-color wp-elements-28dd6ab11ea6530995084c6691547a4e\">Cette \u00e9tape de son parcours de recherche lui a permis d\u2019affirmer son go\u00fbt pour les p\u00e9riodes culturelles transitoires, en l\u2019occurrence une p\u00e9riode o\u00f9 aucune r\u00e8gle n\u2019est encore fix\u00e9e (y compris orthographique et qui a donn\u00e9 lieu \u00e0 une querelle de l\u2019orthographe, dans laquelle Taillemont s\u2019est justement positionn\u00e9 en d\u00e9fenseur du fran\u00e7ais par rapport au latin et ainsi dans son cas en cr\u00e9ateur d\u2019une orthographe phon\u00e9tique, demeur\u00e9e hapax) et o\u00f9 toute \u00e9criture appara\u00eet comme litt\u00e9rature et qui lui fait dire qu\u2019\u00eatre seizi\u00e9miste c\u2019est, par d\u00e9finition, \u00eatre comparatiste.<\/p>\n\n\n\n<p class=\"has-black-color has-text-color has-link-color wp-elements-0ca7ef44a0c7751ee8630f96f8bdb850\">Ce moment de sa recherche lui a par ailleurs permis de d\u00e9velopper son amour des litt\u00e9ratures de marge et de l\u2019amatorat (qui la conduiront \u00e0 s\u2019int\u00e9resser + tard au monde du fanzinat, qui en est une des formes sociales d\u2019apr\u00e8s l\u2019artiste et curatrice Marie-Pierre Bonniol), la litt\u00e9rature de jeunesse, les litt\u00e9ratures amateures et autres paralitt\u00e9ratures &amp; litt\u00e9ratures de gare, expressions que la \u00ab&nbsp;devenue grande&nbsp;\u00bb Natacha emploie dans un sens tr\u00e8s heureux&nbsp;! Ainsi de la linguistique historique, des langues vernaculaires, qu\u2019elle apprend \u00e0 ne pas hi\u00e9rarchiser par rapport \u00e0 un centre<a href=\"#sdfootnote1sym\" id=\"sdfootnote1anc\"><sup>2<\/sup><\/a>, de la mat\u00e9rialit\u00e9 des \u0153uvres et des pratiques (litt\u00e9rature pop up, animations en volumes, th\u00e9\u00e2tre de marionnettes, danse et arts forains en g\u00e9n\u00e9ral) et des th\u00e9ories de la r\u00e9ception.<\/p>\n\n\n\n<p class=\"has-black-color has-text-color has-link-color wp-elements-8e2814429e8336bbd29ecdb5abd4ace1\">\u00c0 la suite de ce premier temps de recherche, Natacha obtient son concours d\u2019enseignement en 2013 puis enseigne la litt\u00e9rature en lyc\u00e9e, o\u00f9 ses lectures et formations diverses lui permettent de continuer d\u2019explorer le champ litt\u00e9raire au gr\u00e9 des disponibilit\u00e9s de son emploi du temps, avec la d\u00e9couverte souvent hasardeuse mais joyeuse des litt\u00e9ratures japonaises et insulaires, de l\u2019image, en particulier dans la bande dessin\u00e9e, des litt\u00e9ratures qu\u00e9b\u00e9coises et canadiennes, finlandaises et aussi, par son exp\u00e9rience, des effets de la scolarisation sur les \u0153uvres puis son d\u00e9sir de compr\u00e9hension des \u0153uvres au prisme de l\u2019\u00e9cologie, avec sa d\u00e9couverte il y a quelques ann\u00e9es du champ de l\u2019\u00e9copo\u00e9tique en France et de l\u2019\u00e9cocritique aux \u00c9tats-Unis.<\/p>\n\n\n\n<p class=\"has-black-color has-text-color has-link-color wp-elements-701ff6cea78abfb2ba46d1e1a9185efe\">D\u00e9sormais \u00e9tudiante en Master MEEF (M\u00e9tiers de l\u2019enseignement, de l\u2019\u00e9ducation et de la formation), master par lequel elle souhaite continuer de s\u2019interroger sur son m\u00e9tier mais aussi sur la m\u00e9diation dans son ensemble, elle envisage un jour de poursuivre son cheminement de recherche, en \u00e9cocritique et\/ou en sciences de l\u2019\u00e9ducation, et est aussi l\u2019autrice de quelques articles dans des revues institutionnelle et alternatives&nbsp;:<br>&#8211; \u00ab&nbsp;\u00c9thique et esth\u00e9tique des <em>Rymes de Gentile et vertueuse dame D. Pernette du Guillet, Lyonnoise<\/em>&nbsp;\u00bb,<a href=\"https:\/\/classiques-garnier.com\/paroles-degelees-propos-de-l-atelier-xvie-siecle-ethique-et-esthetique-des-rymes-de-gentile-et-vertueuse-dame-d-pernette-du-guillet-lyonnoise.html\" data-type=\"link\" data-id=\"https:\/\/classiques-garnier.com\/paroles-degelees-propos-de-l-atelier-xvie-siecle-ethique-et-esthetique-des-rymes-de-gentile-et-vertueuse-dame-d-pernette-du-guillet-lyonnoise.html\"> <em>Paroles d\u00e9gel\u00e9es, Propos de l&rsquo;atelier XVIe si\u00e8cle<\/em><\/a>, 2016 (article qui reprend son projet de M1).<br>&#8211; \u00ab&nbsp;Des attacheurs de mots au c\u0153ur de la houle. L&rsquo;affaire des Placards, implantations &amp; p\u00e9r\u00e9grinations d&rsquo;un imprim\u00e9 clandestin&nbsp;\u00bb, <em>Faits &amp; Gestes <\/em>n\u00b03, <a href=\"https:\/\/imprimepopulaire.fr\/?page_id=1244\" data-type=\"link\" data-id=\"https:\/\/imprimepopulaire.fr\/?page_id=1244\">fanzine de l&rsquo;association des Amis de l&rsquo;imprim\u00e9 populaire<\/a>, 2024.<br>&#8211; \u00ab&nbsp;Jaillir, \u00e0 la joie de nos c\u0153urs r\u00e9veill\u00e9.es&nbsp;\u00bb, <em><a href=\"https:\/\/maelrannou.fr\/alizine\" data-type=\"link\" data-id=\"https:\/\/maelrannou.fr\/alizine\">Alizine<\/a><\/em>, fanzine sur Aliz\u00e9e dirig\u00e9 par Ma\u00ebl Rannou, 2025.<\/p>\n\n\n<div class=\"wp-block-image\">\n<figure class=\"aligncenter size-full\"><img loading=\"lazy\" decoding=\"async\" width=\"540\" height=\"720\" src=\"https:\/\/maelrannou.fr\/baindemousse\/wp-content\/uploads\/sites\/4\/2025\/08\/press-1.jpg\" alt=\"\" class=\"wp-image-221\" srcset=\"https:\/\/maelrannou.fr\/baindemousse\/wp-content\/uploads\/sites\/4\/2025\/08\/press-1.jpg 540w, https:\/\/maelrannou.fr\/baindemousse\/wp-content\/uploads\/sites\/4\/2025\/08\/press-1-225x300.jpg 225w\" sizes=\"auto, (max-width: 540px) 100vw, 540px\" \/><figcaption class=\"wp-element-caption\">Le journal lyc\u00e9en A presse coup\u00e9e, et ses th\u00e8mes abord\u00e9s au premier paragraphe.<\/figcaption><\/figure>\n<\/div>\n\n\n<p class=\"has-black-color has-text-color has-link-color has-small-font-size wp-elements-9093af65f4bc56d48c77c33e143ff683\">Cr\u00e9dit bandeau : \u00c9milie Gleason, petit r\u00e9cit compl\u00e9mentaire tir\u00e9 de <em>Jean-Shrek a peur des maisons<\/em>, L&rsquo;Articho, coll.&nbsp;\u00ab&nbsp;Coco Comics&nbsp;\u00bb, 2021.<\/p>\n\n\n\n<p class=\"has-black-color has-text-color has-link-color has-small-font-size wp-elements-9ef2e0b8e3bd5ef295613262aa5e248f\"><br>1 L&rsquo;abolition dont il est question ici est celle, universelle et totale, de la peine de mort.<br>2 Ses \u00e9l\u00e8ves sourient quand Natacha ne parle pas de \u00ab&nbsp;fran\u00e7ais&nbsp;\u00bb pour parler de ses usages parisiens mais de \u00ab&nbsp;francilien&nbsp;\u00bb voire de \u00ab&nbsp;fran\u00e7ais centralis\u00e9&nbsp;de m\u00e9tropole&nbsp;\u00bb et de son c\u00f4t\u00e9 elle s\u2019amuse d\u2019introduire, sans s\u2019en rendre tout de suite compte, des usages vernaculaires autres que franciliens dans ses usages franciliens en disant que si si, \u00e7a se dit ici&nbsp;!<\/p>\n\n\n\n<p><\/p>\n","protected":false},"excerpt":{"rendered":"<p>Itin\u00e9raire en cours d\u2019une amatrice Natacha Czornyj, alias baindemousse, n\u00e9e \u00e0 Paris en 1989, est une lectrice d\u2019origine flamande (Flandre wallonne) et ukrainienne. Curieuse de litt\u00e9rature &#8211; champ qu\u2019elle comprend dans un sens tr\u00e8s extensif &#8211; depuis la mi-coll\u00e8ge puis le lyc\u00e9e, o\u00f9 elle cr\u00e9e avec ses camarades filles de terminale (Galla, Alexandrine, Myriam, Barbara, &hellip; <a href=\"https:\/\/maelrannou.fr\/baindemousse\/lautrice\/\" class=\"more-link\">Continuer la lecture de <span class=\"screen-reader-text\">L&rsquo;autrice<\/span>  <span class=\"meta-nav\">&rarr;<\/span><\/a><\/p>\n","protected":false},"author":3,"featured_media":225,"parent":0,"menu_order":0,"comment_status":"closed","ping_status":"open","template":"","meta":{"footnotes":""},"class_list":["post-2","page","type-page","status-publish","has-post-thumbnail","hentry"],"_links":{"self":[{"href":"https:\/\/maelrannou.fr\/baindemousse\/wp-json\/wp\/v2\/pages\/2","targetHints":{"allow":["GET"]}}],"collection":[{"href":"https:\/\/maelrannou.fr\/baindemousse\/wp-json\/wp\/v2\/pages"}],"about":[{"href":"https:\/\/maelrannou.fr\/baindemousse\/wp-json\/wp\/v2\/types\/page"}],"author":[{"embeddable":true,"href":"https:\/\/maelrannou.fr\/baindemousse\/wp-json\/wp\/v2\/users\/3"}],"replies":[{"embeddable":true,"href":"https:\/\/maelrannou.fr\/baindemousse\/wp-json\/wp\/v2\/comments?post=2"}],"version-history":[{"count":8,"href":"https:\/\/maelrannou.fr\/baindemousse\/wp-json\/wp\/v2\/pages\/2\/revisions"}],"predecessor-version":[{"id":238,"href":"https:\/\/maelrannou.fr\/baindemousse\/wp-json\/wp\/v2\/pages\/2\/revisions\/238"}],"wp:featuredmedia":[{"embeddable":true,"href":"https:\/\/maelrannou.fr\/baindemousse\/wp-json\/wp\/v2\/media\/225"}],"wp:attachment":[{"href":"https:\/\/maelrannou.fr\/baindemousse\/wp-json\/wp\/v2\/media?parent=2"}],"curies":[{"name":"wp","href":"https:\/\/api.w.org\/{rel}","templated":true}]}}